{"id":27,"date":"2019-04-19T06:56:51","date_gmt":"2019-04-19T06:56:51","guid":{"rendered":"http:\/\/localhost\/new_societe\/index.php\/homepage\/"},"modified":"2026-02-21T13:35:31","modified_gmt":"2026-02-21T13:35:31","slug":"homepage","status":"publish","type":"page","link":"https:\/\/societeanglaise.com\/","title":{"rendered":"Homepage"},"content":{"rendered":"<p><!-- epsilon\/advanced-slider --><br \/>\n<!-- epsilon\/Slides --><br \/>\nVotre Consultant en Affaires<br \/>\n39<br \/>\nLe Francais Au Service des Francais et des Francophones<br \/>\n30<br \/>\n100<br \/>\ncenter<br \/>\nalignmiddle<br \/>\n<img decoding=\"async\" src=\"https:\/\/societeanglaise.com\/wp-content\/uploads\/2019\/04\/london2-1600x600.jpg\" \/><br \/>\n#<br \/>\newf-btn&#8211;huge<br \/>\n32<br \/>\n#<br \/>\newf-btn&#8211;huge<br \/>\n32<br \/>\n<!-- \/epsilon\/Slides--><br \/>\n<!-- \/epsilon\/advanced-slider --><\/p>\n<p><!-- epsilon\/services --><br \/>\n{\u00ab\u00a0top\u00a0\u00bb:\u00a0\u00bb-100&Prime;,\u00a0\u00bbright\u00a0\u00bb:\u00a0\u00bb0&Prime;,\u00a0\u00bbbottom\u00a0\u00bb:\u00a0\u00bb0&Prime;,\u00a0\u00bbleft\u00a0\u00bb:\u00a0\u00bb0&Prime;,\u00a0\u00bbunit\u00a0\u00bb:\u00a0\u00bbpx\u00a0\u00bb}<br \/>\n{\u00ab\u00a0top\u00a0\u00bb:\u00a0\u00bb0&Prime;,\u00a0\u00bbright\u00a0\u00bb:\u00a0\u00bb0&Prime;,\u00a0\u00bbbottom\u00a0\u00bb:\u00a0\u00bb0&Prime;,\u00a0\u00bbleft\u00a0\u00bb:\u00a0\u00bb0&Prime;,\u00a0\u00bbunit\u00a0\u00bb:\u00a0\u00bbpx\u00a0\u00bb}<br \/>\nservices-overlapped<br \/>\n<!-- epsilon\/portum_services --><br \/>\n<!-- epsilon\/Services--><\/p>\n<h3 class=\"service-title\">Creation societe<\/h3>\n<p class=\"service-description\">Cr\u00e9ez facilement votre entreprise en Grande-Bretagne<\/p>\n<p><!-- \/epsilon\/Services--><br \/>\n<!-- epsilon\/Services--><\/p>\n<h3 class=\"service-title\">Ouvrir un compte bancaire<\/h3>\n<p class=\"service-description\">faciliter l&rsquo;ouverture de comptes bancaires<\/p>\n<p><!-- \/epsilon\/Services--><br \/>\n<!-- epsilon\/Services--><\/p>\n<h3 class=\"service-title\">Comptabilite<\/h3>\n<p class=\"service-description\">\u00e9tablissement des comptes et envoi des d\u00e9clarations fiscales<\/p>\n<p><!-- \/epsilon\/Services--><br \/>\n<!-- epsilon\/Services--><\/p>\n<h3 class=\"service-title\">Le saviez vous?<\/h3>\n<p class=\"service-description\">Connaissances d&rsquo;initi\u00e9s sur la cr\u00e9ation d&rsquo;entreprise et la comptabilit\u00e9<\/p>\n<p><!-- \/epsilon\/Services--><br \/>\n<!-- \/epsilon\/portum_services --><br \/>\n<!-- \/epsilon\/services --><\/p>\n<p><!-- epsilon\/about --><br \/>\n{\u00ab\u00a0top\u00a0\u00bb:null,\u00a0\u00bbright\u00a0\u00bb:\u00a0\u00bb0&Prime;,\u00a0\u00bbbottom\u00a0\u00bb:null,\u00a0\u00bbleft\u00a0\u00bb:null,\u00a0\u00bbunit\u00a0\u00bb:\u00a0\u00bbpx\u00a0\u00bb}<br \/>\nConsultant en affaires au Royaume-Uni<br \/>\nSeul on va vite , ensemble nous irons loin<br \/>\nNous sommes une petite \u00e9quipe familiale compos\u00e9e de mon \u00e9pouse anglophone et de moi-m\u00eame, un Fran\u00e7ais r\u00e9sidant \u00e0 Londres, qui fournit des services professionnels de cr\u00e9ation d&rsquo;entreprise et de configuration de bureaux .<\/p>\n<p>Nous offrons une totale discr\u00e9tion pour nos services et un r\u00e9sultat r\u00e9aliste.<\/p>\n<p>Nos solutions sont \u00e0 un et a un prix raisonnable<\/p>\n<p>Protegez votre business avec une Societe Anglaise . 499\u20ac (399\u20ac moins de 25 ans)<br \/>\nProtegez egalement vos biens avec une Societe Anglaise. 499\u20ac<br \/>\nProtegeons nos enfants avec une Societe Anglaise. (399\u20ac moins de 25 ans)<br \/>\nProtegez vos profits taxables avec une Societe Anglaise. 499\u20ac <\/p>\n<p>T\u00e9moignage:<br \/>\n\u00ab\u00a0Societe Anglaise enregistr\u00e9 ma soci\u00e9t\u00e9 tr\u00e8s rapidement et est tr\u00e8s utile lorsque je dois remplir mes obligations l\u00e9gales annuelles\u00a0\u00bb<br \/>\n<img decoding=\"async\" src=\"https:\/\/societeanglaise.com\/wp-content\/uploads\/2019\/04\/Photo_2.jpg\" \/><br \/>\nhttps:\/\/google.com<br \/>\n<!-- \/epsilon\/about --><\/p>\n<p><!-- epsilon\/about --><br \/>\n{\u00ab\u00a0top\u00a0\u00bb:\u00a0\u00bb5&Prime;,\u00a0\u00bbright\u00a0\u00bb:null,\u00a0\u00bbbottom\u00a0\u00bb:null,\u00a0\u00bbleft\u00a0\u00bb:null,\u00a0\u00bbunit\u00a0\u00bb:\u00a0\u00bbpx\u00a0\u00bb}<br \/>\n{\u00ab\u00a0top\u00a0\u00bb:\u00a0\u00bb5&Prime;,\u00a0\u00bbright\u00a0\u00bb:\u00a0\u00bb\u00a0\u00bb,\u00a0\u00bbbottom\u00a0\u00bb:\u00a0\u00bb0&Prime;,\u00a0\u00bbleft\u00a0\u00bb:\u00a0\u00bb\u00a0\u00bb,\u00a0\u00bbunit\u00a0\u00bb:\u00a0\u00bbpx\u00a0\u00bb}<br \/>\nProtegeons nos enfants<br \/>\nA vous tous qui demarrer votre business online Vous etes influenceurs , influenceuses , jeune entrepreneur Vous lancer votre business market online , dropshipping influence Service etc \u2026 creer votre Limited company in UK PROTEGEZ VOUS pas de responsabilite en cas de coup dur (responsable a valeur d 1livre sterling) pas de stress si\u00a0controles fiscaux Ouverture de compte bancaire online \u2026.sans difficultes www.societeanglaise.com   depuis 1992      societeanglaise@hotmail.com PS: Si vous avez deja cree votre Ltd et que vous n etes pas satisfait avec votre prestataire\u00a0 Revenez a nous , nous vous assisterons .<br \/>\nPROTEGEZ VOUS LES JEUNES AVEC UNE SOCIETE ANGLAISE A SEULEMENT 399 EUROS AU LIEU DE 499 EUROS POUR LES MOINS DE 25 ANS.<br \/>\nWww.societeanglaise.com    depuis 1992    societeanglaise@hotmail.com<\/p>\n<div class=\"responsive-video-container\"><iframe loading=\"lazy\" title=\"Et surtout protegeons nos enfants avec une Ste Anglaise .Whatsapp : +254721979745    +447448958472\" width=\"506\" height=\"900\" src=\"https:\/\/www.youtube.com\/embed\/xhNSnIQ9ikc?feature=oembed\" frameborder=\"0\" allow=\"accelerometer; autoplay; clipboard-write; encrypted-media; gyroscope; picture-in-picture; web-share\" referrerpolicy=\"strict-origin-when-cross-origin\" allowfullscreen><\/iframe><\/div>\n<p>#CreationSocieteAnglaise#SocieteAnglaise#British company#Comptabilite#Entrepreneur\u00a0#Dropshipping<br \/>\n#BusinessUK#creatorsearchinsights#realcreator#newcreator @societeanglaise.com<br \/>\n<img decoding=\"async\" src=\"https:\/\/societeanglaise.com\/wp-content\/uploads\/2019\/04\/mt-image-14980832.jpg\" \/><br \/>\nhttps:\/\/google.com<br \/>\n<!-- \/epsilon\/about --><\/p>\n<p><!-- epsilon\/video --><\/p>\n<div class=\"responsive-video-container\"><iframe loading=\"lazy\" title=\"Protegez vous les jeunes , vous etes influenceurs , vendeurs on line etc .Creer votre Societe en UK\" width=\"600\" height=\"338\" src=\"https:\/\/www.youtube.com\/embed\/yrgosPGMWWE?feature=oembed\" frameborder=\"0\" allow=\"accelerometer; autoplay; clipboard-write; encrypted-media; gyroscope; picture-in-picture; web-share\" referrerpolicy=\"strict-origin-when-cross-origin\" allowfullscreen><\/iframe><\/div>\n<p><!-- \/epsilon\/video --><\/p>\n<p><!-- epsilon\/testimonials --><br \/>\n{\u00ab\u00a0top\u00a0\u00bb:\u00a0\u00bb5&Prime;,\u00a0\u00bbright\u00a0\u00bb:null,\u00a0\u00bbbottom\u00a0\u00bb:\u00a0\u00bb0&Prime;,\u00a0\u00bbleft\u00a0\u00bb:null,\u00a0\u00bbunit\u00a0\u00bb:\u00a0\u00bbpx\u00a0\u00bb}<br \/>\n{\u00ab\u00a0top\u00a0\u00bb:\u00a0\u00bb5&Prime;,\u00a0\u00bbright\u00a0\u00bb:null,\u00a0\u00bbbottom\u00a0\u00bb:\u00a0\u00bb0&Prime;,\u00a0\u00bbleft\u00a0\u00bb:null,\u00a0\u00bbunit\u00a0\u00bb:\u00a0\u00bbpx\u00a0\u00bb}<br \/>\n \t Pourquoi nous choisir?<br \/>\n \t t\u00e9moignage<br \/>\n<!-- epsilon\/portum_testimonials --><br \/>\n<!-- epsilon\/Testimonials--><\/p>\n<h3 class=\"testimonial-title\">AXafrique Ltd (since 2008)<\/h3>\n<h5 class=\"testimonial-subtitle\">Jean Louis Joliot  &#8211; CEO<\/h5>\n<p><img decoding=\"async\" src=\"https:\/\/societeanglaise.com\/wp-content\/uploads\/2019\/04\/axafrique-logo.png\" \/><\/p>\n<div class=\"testimonial-text\">\u00ab\u00a0Ludo a fait un tr\u00e8s bon travail avec mes comptes et retours.bien fait\u00a0\u00bb<\/div>\n<p><!-- \/epsilon\/Testimonials--><br \/>\n<!-- epsilon\/Testimonials--><\/p>\n<h3 class=\"testimonial-title\">Eurosystem Software Ltd (since 2007)<\/h3>\n<h5 class=\"testimonial-subtitle\">Lionel Andreu  &#8211; CEO<\/h5>\n<p><img decoding=\"async\" src=\"https:\/\/societeanglaise.com\/wp-content\/uploads\/2019\/04\/eurosystem-logo.png\" \/><\/p>\n<div class=\"testimonial-text\">\u00ab\u00a0Societe Anglaise enregistr\u00e9 ma soci\u00e9t\u00e9 tr\u00e8s rapidement et est tr\u00e8s utile lorsque je dois remplir mes obligations l\u00e9gales annuelles\u00a0\u00bb<\/div>\n<p><!-- \/epsilon\/Testimonials--><br \/>\n<!-- epsilon\/Testimonials--><\/p>\n<h3 class=\"testimonial-title\">Max Leather Ltd (since 2009) <\/h3>\n<h5 class=\"testimonial-subtitle\">Massimo Canavese  &#8211; CEO<\/h5>\n<div class=\"testimonial-text\">\u00ab\u00a0Merci de m&rsquo;aider \u00e0 ouvrir mon compte bancaire et de tenir \u00e0 jour mes comptes d&rsquo;entreprise\u00a0\u00bb<\/div>\n<p><!-- \/epsilon\/Testimonials--><br \/>\n<!-- \/epsilon\/portum_testimonials --><br \/>\n<!-- \/epsilon\/testimonials --><\/p>\n","protected":false},"excerpt":{"rendered":"<p>Votre Consultant en Affaires 39 Le Francais Au Service des Francais et des Francophones 30 100 center alignmiddle # ewf-btn&#8211;huge 32 # ewf-btn&#8211;huge 32 {\u00ab\u00a0top\u00a0\u00bb:\u00a0\u00bb-100&Prime;,\u00a0\u00bbright\u00a0\u00bb:\u00a0\u00bb0&Prime;,\u00a0\u00bbbottom\u00a0\u00bb:\u00a0\u00bb0&Prime;,\u00a0\u00bbleft\u00a0\u00bb:\u00a0\u00bb0&Prime;,\u00a0\u00bbunit\u00a0\u00bb:\u00a0\u00bbpx\u00a0\u00bb} {\u00ab\u00a0top\u00a0\u00bb:\u00a0\u00bb0&Prime;,\u00a0\u00bbright\u00a0\u00bb:\u00a0\u00bb0&Prime;,\u00a0\u00bbbottom\u00a0\u00bb:\u00a0\u00bb0&Prime;,\u00a0\u00bbleft\u00a0\u00bb:\u00a0\u00bb0&Prime;,\u00a0\u00bbunit\u00a0\u00bb:\u00a0\u00bbpx\u00a0\u00bb} services-overlapped Creation societe Cr\u00e9ez facilement votre entreprise en Grande-Bretagne Ouvrir un compte bancaire faciliter l&rsquo;ouverture de comptes bancaires Comptabilite \u00e9tablissement des comptes et envoi des d\u00e9clarations fiscales Le saviez [&hellip;]<\/p>\n","protected":false},"author":1,"featured_media":0,"parent":0,"menu_order":0,"comment_status":"closed","ping_status":"closed","template":"","meta":{"footnotes":""},"class_list":["post-27","page","type-page","status-publish","hentry"],"yoast_head":"<!-- This site is optimized with the Yoast SEO plugin v27.3 - https:\/\/yoast.com\/product\/yoast-seo-wordpress\/ -->\n<title>Societe Anglaise Ltd - Soci\u00e9t\u00e9 britannique et ouverture de compte bancaire<\/title>\n<meta name=\"description\" content=\"Soci\u00e9t\u00e9 britannique et ouverture de compte bancaireEntreprise britannique et ouverture de compte bancaire avec gestion des comptes et d\u00e9clarations fiscales\" \/>\n<meta name=\"robots\" content=\"index, follow, max-snippet:-1, max-image-preview:large, max-video-preview:-1\" \/>\n<link rel=\"canonical\" href=\"https:\/\/societeanglaise.com\/\" \/>\n<meta property=\"og:locale\" content=\"fr_FR\" \/>\n<meta property=\"og:type\" content=\"article\" \/>\n<meta property=\"og:title\" content=\"Societe Anglaise Ltd - Soci\u00e9t\u00e9 britannique et ouverture de compte bancaire\" \/>\n<meta property=\"og:description\" content=\"Soci\u00e9t\u00e9 britannique et ouverture de compte bancaireEntreprise britannique et ouverture de compte bancaire avec gestion des comptes et d\u00e9clarations fiscales\" \/>\n<meta property=\"og:url\" content=\"https:\/\/societeanglaise.com\/\" \/>\n<meta property=\"og:site_name\" content=\"Societe Anglaise Ltd\" \/>\n<meta property=\"article:modified_time\" content=\"2026-02-21T13:35:31+00:00\" \/>\n<meta property=\"og:image\" content=\"https:\/\/societeanglaise.com\/wp-content\/uploads\/2019\/04\/london2-1600x600.jpg\" \/>\n<meta name=\"twitter:card\" content=\"summary_large_image\" \/>\n<meta name=\"twitter:label1\" content=\"Dur\u00e9e de lecture estim\u00e9e\" \/>\n\t<meta name=\"twitter:data1\" content=\"2 minutes\" \/>\n<script type=\"application\/ld+json\" class=\"yoast-schema-graph\">{\"@context\":\"https:\\\/\\\/schema.org\",\"@graph\":[{\"@type\":\"WebPage\",\"@id\":\"https:\\\/\\\/societeanglaise.com\\\/\",\"url\":\"https:\\\/\\\/societeanglaise.com\\\/\",\"name\":\"Societe Anglaise Ltd - Soci\u00e9t\u00e9 britannique et ouverture de compte bancaire\",\"isPartOf\":{\"@id\":\"https:\\\/\\\/societeanglaise.com\\\/#website\"},\"primaryImageOfPage\":{\"@id\":\"https:\\\/\\\/societeanglaise.com\\\/#primaryimage\"},\"image\":{\"@id\":\"https:\\\/\\\/societeanglaise.com\\\/#primaryimage\"},\"thumbnailUrl\":\"https:\\\/\\\/societeanglaise.com\\\/wp-content\\\/uploads\\\/2019\\\/04\\\/london2-1600x600.jpg\",\"datePublished\":\"2019-04-19T06:56:51+00:00\",\"dateModified\":\"2026-02-21T13:35:31+00:00\",\"description\":\"Soci\u00e9t\u00e9 britannique et ouverture de compte bancaireEntreprise britannique et ouverture de compte bancaire avec gestion des comptes et d\u00e9clarations fiscales\",\"breadcrumb\":{\"@id\":\"https:\\\/\\\/societeanglaise.com\\\/#breadcrumb\"},\"inLanguage\":\"fr-FR\",\"potentialAction\":[{\"@type\":\"ReadAction\",\"target\":[\"https:\\\/\\\/societeanglaise.com\\\/\"]}]},{\"@type\":\"ImageObject\",\"inLanguage\":\"fr-FR\",\"@id\":\"https:\\\/\\\/societeanglaise.com\\\/#primaryimage\",\"url\":\"https:\\\/\\\/societeanglaise.com\\\/wp-content\\\/uploads\\\/2019\\\/04\\\/london2.jpg\",\"contentUrl\":\"https:\\\/\\\/societeanglaise.com\\\/wp-content\\\/uploads\\\/2019\\\/04\\\/london2.jpg\",\"width\":1920,\"height\":1080},{\"@type\":\"BreadcrumbList\",\"@id\":\"https:\\\/\\\/societeanglaise.com\\\/#breadcrumb\",\"itemListElement\":[{\"@type\":\"ListItem\",\"position\":1,\"name\":\"Home\",\"item\":\"https:\\\/\\\/societeanglaise.com\\\/\"},{\"@type\":\"ListItem\",\"position\":2,\"name\":\"Homepage\"}]},{\"@type\":\"WebSite\",\"@id\":\"https:\\\/\\\/societeanglaise.com\\\/#website\",\"url\":\"https:\\\/\\\/societeanglaise.com\\\/\",\"name\":\"Societe Anglaise Ltd\",\"description\":\"Votre Consultant en Affaires\",\"publisher\":{\"@id\":\"https:\\\/\\\/societeanglaise.com\\\/#organization\"},\"potentialAction\":[{\"@type\":\"SearchAction\",\"target\":{\"@type\":\"EntryPoint\",\"urlTemplate\":\"https:\\\/\\\/societeanglaise.com\\\/?s={search_term_string}\"},\"query-input\":{\"@type\":\"PropertyValueSpecification\",\"valueRequired\":true,\"valueName\":\"search_term_string\"}}],\"inLanguage\":\"fr-FR\"},{\"@type\":\"Organization\",\"@id\":\"https:\\\/\\\/societeanglaise.com\\\/#organization\",\"name\":\"Societe Anglaise Ltd\",\"url\":\"https:\\\/\\\/societeanglaise.com\\\/\",\"logo\":{\"@type\":\"ImageObject\",\"inLanguage\":\"fr-FR\",\"@id\":\"https:\\\/\\\/societeanglaise.com\\\/#\\\/schema\\\/logo\\\/image\\\/\",\"url\":\"https:\\\/\\\/societeanglaise.com\\\/wp-content\\\/uploads\\\/2019\\\/04\\\/logo.gif\",\"contentUrl\":\"https:\\\/\\\/societeanglaise.com\\\/wp-content\\\/uploads\\\/2019\\\/04\\\/logo.gif\",\"width\":150,\"height\":107,\"caption\":\"Societe Anglaise Ltd\"},\"image\":{\"@id\":\"https:\\\/\\\/societeanglaise.com\\\/#\\\/schema\\\/logo\\\/image\\\/\"}}]}<\/script>\n<!-- \/ Yoast SEO plugin. -->","yoast_head_json":{"title":"Societe Anglaise Ltd - Soci\u00e9t\u00e9 britannique et ouverture de compte bancaire","description":"Soci\u00e9t\u00e9 britannique et ouverture de compte bancaireEntreprise britannique et ouverture de compte bancaire avec gestion des comptes et d\u00e9clarations fiscales","robots":{"index":"index","follow":"follow","max-snippet":"max-snippet:-1","max-image-preview":"max-image-preview:large","max-video-preview":"max-video-preview:-1"},"canonical":"https:\/\/societeanglaise.com\/","og_locale":"fr_FR","og_type":"article","og_title":"Societe Anglaise Ltd - Soci\u00e9t\u00e9 britannique et ouverture de compte bancaire","og_description":"Soci\u00e9t\u00e9 britannique et ouverture de compte bancaireEntreprise britannique et ouverture de compte bancaire avec gestion des comptes et d\u00e9clarations fiscales","og_url":"https:\/\/societeanglaise.com\/","og_site_name":"Societe Anglaise Ltd","article_modified_time":"2026-02-21T13:35:31+00:00","og_image":[{"url":"https:\/\/societeanglaise.com\/wp-content\/uploads\/2019\/04\/london2-1600x600.jpg","type":"","width":"","height":""}],"twitter_card":"summary_large_image","twitter_misc":{"Dur\u00e9e de lecture estim\u00e9e":"2 minutes"},"schema":{"@context":"https:\/\/schema.org","@graph":[{"@type":"WebPage","@id":"https:\/\/societeanglaise.com\/","url":"https:\/\/societeanglaise.com\/","name":"Societe Anglaise Ltd - Soci\u00e9t\u00e9 britannique et ouverture de compte bancaire","isPartOf":{"@id":"https:\/\/societeanglaise.com\/#website"},"primaryImageOfPage":{"@id":"https:\/\/societeanglaise.com\/#primaryimage"},"image":{"@id":"https:\/\/societeanglaise.com\/#primaryimage"},"thumbnailUrl":"https:\/\/societeanglaise.com\/wp-content\/uploads\/2019\/04\/london2-1600x600.jpg","datePublished":"2019-04-19T06:56:51+00:00","dateModified":"2026-02-21T13:35:31+00:00","description":"Soci\u00e9t\u00e9 britannique et ouverture de compte bancaireEntreprise britannique et ouverture de compte bancaire avec gestion des comptes et d\u00e9clarations fiscales","breadcrumb":{"@id":"https:\/\/societeanglaise.com\/#breadcrumb"},"inLanguage":"fr-FR","potentialAction":[{"@type":"ReadAction","target":["https:\/\/societeanglaise.com\/"]}]},{"@type":"ImageObject","inLanguage":"fr-FR","@id":"https:\/\/societeanglaise.com\/#primaryimage","url":"https:\/\/societeanglaise.com\/wp-content\/uploads\/2019\/04\/london2.jpg","contentUrl":"https:\/\/societeanglaise.com\/wp-content\/uploads\/2019\/04\/london2.jpg","width":1920,"height":1080},{"@type":"BreadcrumbList","@id":"https:\/\/societeanglaise.com\/#breadcrumb","itemListElement":[{"@type":"ListItem","position":1,"name":"Home","item":"https:\/\/societeanglaise.com\/"},{"@type":"ListItem","position":2,"name":"Homepage"}]},{"@type":"WebSite","@id":"https:\/\/societeanglaise.com\/#website","url":"https:\/\/societeanglaise.com\/","name":"Societe Anglaise Ltd","description":"Votre Consultant en Affaires","publisher":{"@id":"https:\/\/societeanglaise.com\/#organization"},"potentialAction":[{"@type":"SearchAction","target":{"@type":"EntryPoint","urlTemplate":"https:\/\/societeanglaise.com\/?s={search_term_string}"},"query-input":{"@type":"PropertyValueSpecification","valueRequired":true,"valueName":"search_term_string"}}],"inLanguage":"fr-FR"},{"@type":"Organization","@id":"https:\/\/societeanglaise.com\/#organization","name":"Societe Anglaise Ltd","url":"https:\/\/societeanglaise.com\/","logo":{"@type":"ImageObject","inLanguage":"fr-FR","@id":"https:\/\/societeanglaise.com\/#\/schema\/logo\/image\/","url":"https:\/\/societeanglaise.com\/wp-content\/uploads\/2019\/04\/logo.gif","contentUrl":"https:\/\/societeanglaise.com\/wp-content\/uploads\/2019\/04\/logo.gif","width":150,"height":107,"caption":"Societe Anglaise Ltd"},"image":{"@id":"https:\/\/societeanglaise.com\/#\/schema\/logo\/image\/"}}]}},"_links":{"self":[{"href":"https:\/\/societeanglaise.com\/index.php\/wp-json\/wp\/v2\/pages\/27","targetHints":{"allow":["GET"]}}],"collection":[{"href":"https:\/\/societeanglaise.com\/index.php\/wp-json\/wp\/v2\/pages"}],"about":[{"href":"https:\/\/societeanglaise.com\/index.php\/wp-json\/wp\/v2\/types\/page"}],"author":[{"embeddable":true,"href":"https:\/\/societeanglaise.com\/index.php\/wp-json\/wp\/v2\/users\/1"}],"replies":[{"embeddable":true,"href":"https:\/\/societeanglaise.com\/index.php\/wp-json\/wp\/v2\/comments?post=27"}],"version-history":[{"count":45,"href":"https:\/\/societeanglaise.com\/index.php\/wp-json\/wp\/v2\/pages\/27\/revisions"}],"predecessor-version":[{"id":383,"href":"https:\/\/societeanglaise.com\/index.php\/wp-json\/wp\/v2\/pages\/27\/revisions\/383"}],"wp:attachment":[{"href":"https:\/\/societeanglaise.com\/index.php\/wp-json\/wp\/v2\/media?parent=27"}],"curies":[{"name":"wp","href":"https:\/\/api.w.org\/{rel}","templated":true}]}}