{"id":230,"date":"2019-04-22T07:23:35","date_gmt":"2019-04-22T07:23:35","guid":{"rendered":"http:\/\/localhost\/new_societe\/index.php\/le-saviez-vous\/"},"modified":"2026-02-21T13:35:31","modified_gmt":"2026-02-21T13:35:31","slug":"le-saviez-vous","status":"publish","type":"page","link":"https:\/\/societeanglaise.com\/index.php\/le-saviez-vous\/","title":{"rendered":"Le saviez vous?"},"content":{"rendered":"<p><!-- epsilon\/advanced-slider --><br \/>\n<!-- epsilon\/Slides --><br \/>\nVotre Consultant en Affaires<br \/>\n39<br \/>\nLe Francais Au Service des Francais et des Francophones<br \/>\n30<br \/>\n100<br \/>\ncenter<br \/>\nalignmiddle<br \/>\n<img decoding=\"async\" src=\"https:\/\/societeanglaise.com\/wp-content\/uploads\/2019\/04\/london2-1600x600.jpg\" \/><br \/>\n#<br \/>\newf-btn&#8211;huge<br \/>\n32<br \/>\n#<br \/>\newf-btn&#8211;huge<br \/>\n32<br \/>\n<!-- \/epsilon\/Slides--><br \/>\n<!-- \/epsilon\/advanced-slider --><\/p>\n<p><!-- epsilon\/about --><br \/>\n{\u00ab\u00a0top\u00a0\u00bb:\u00a0\u00bb5&Prime;,\u00a0\u00bbright\u00a0\u00bb:null,\u00a0\u00bbbottom\u00a0\u00bb:null,\u00a0\u00bbleft\u00a0\u00bb:null,\u00a0\u00bbunit\u00a0\u00bb:\u00a0\u00bbpx\u00a0\u00bb}<br \/>\n{\u00ab\u00a0top\u00a0\u00bb:\u00a0\u00bb5&Prime;,\u00a0\u00bbright\u00a0\u00bb:null,\u00a0\u00bbbottom\u00a0\u00bb:null,\u00a0\u00bbleft\u00a0\u00bb:null,\u00a0\u00bbunit\u00a0\u00bb:\u00a0\u00bbpx\u00a0\u00bb}<br \/>\nLe saviez vous?<br \/>\nProtegez votre business , vos biens , vos enfants tout en reduisant vos produits taxables &#8230;Pensez y&#8230;<br \/>\nEn toute discr\u00e9tion, vous pouvez cr\u00e9er une soci\u00e9t\u00e9 anglaise \u00e0 2H de Paris et offrir une protection civile et une r\u00e9duction d&rsquo;imp\u00f4ts \u00e0 vous-m\u00eame ou \u00e0 vos clients (moyennant une commission pour vous en tant que revendeur). Nous sommes \u00e0 votre disposition pour cr\u00e9er une soci\u00e9t\u00e9 anglaise avec compte bancaire garantie \u00e0 100% (acc\u00e8s bancaire par internet compris).<br \/>\nExemple: En suivant le montage de la structure suivante, vous pouvez aussi augmenter votre capital tout en diminuant votre responsabilit\u00e9.<br \/>\nCr\u00e9ation d&rsquo;une soci\u00e9t\u00e9 en GB \u00e0 capital de 200.000 pounds maximum, puis cr\u00e9ation d&rsquo;une succursale en France, ensuite r\u00e9tro-cession du capital en France sur la succursale. Donc charges sociales et salariales \u00e0 r\u00e9gler en France, mais imp\u00f4ts moins \u00e9lev\u00e9s \u00e0 r\u00e9gler en UK.<br \/>\nA cela autre avantage, aucune responsabilit\u00e9 civile en cas de d\u00e9p\u00f4t de bilan et aucune responsabilit\u00e9 civile en cas de coup dur (saisie des biens): VOUS ETES RESPONSABLE A UNE LIVRE STERLING.<br \/>\nAutre privil\u00e8ge, l&rsquo;abus de biens sociaux n&rsquo;existe pas en GB.<br \/>\nChoisissez la tranquillit\u00e9 dans vos affaires \u00e0 1H d&rsquo;avion de Paris&#8230;<\/p>\n<p>Protegez votre business avec une Societe Anglaise . 499\u20ac (399\u20ac moins de 25 ans)<br \/>\nProtection totale , responsabilite d une Livre seulement<br \/>\nVOTRE PEUR NO 1 ? , LE RISQUE PERSONNEL<br \/>\nPOURQUOI METTRE VOS BIENS EN DANGER ?<\/p>\n<p>Protegez egalement vos biens avec une Societe Anglaise. 499\u20ac (399\u20ac moins de 25 ans)<br \/>\nPROTEGEZ VOTRE PATRIMOINE , VOS BIENS AVEC UNE SOCIETE ANGLAISE A SEULEMENT 499 EUROS .<br \/>\nVOTRE PEUR NO 1 ? , LE RISQUE PERSONNEL<br \/>\nPOURQUOI METTRE VOS BIENS EN DANGER ?<br \/>\nPROTECTION MAXIMALE AVEC UNE SOCIETE ANGLAIS (RESPONSABILE A 1 POUND) .<\/p>\n<p>Et surtout protegeons nos enfants avec une Societe Anglaise.<br \/>\n499\u20ac (399\u20ac moins de 25 ans)<br \/>\nPROTEGEZ VOUS LES JEUNES AVEC UNE SOCIETE ANGLAISE A SEULEMENT 399 EUROS AU LIEU DE 499 EUROS POUR LES MOINS DE 25 ANS.<\/p>\n<p>Sans oubliez de protegez nos profits taxables avec une Societe Anglaise.<br \/>\n 499\u20ac (399\u20ac moins de 25 ans)<br \/>\nPAYEZ VOUS TROP D IMPOTS SUR VOTRE BUSINESS ONLINE ?<br \/>\nLA FISCALITE ANGLAISE EST L UNE DES PLUS ATTRACTIVES AU MONDE.<br \/>\nDE PLUS EN CREANT EN UK , VOUS BENEFICIEZ D  UNE STRUCTURE SOUPLE RECONNUE MONDIALEMENT<br \/>\nPENSEZ Y ET REVENEZ A MOI<br \/>\n<img decoding=\"async\" src=\"https:\/\/societeanglaise.com\/wp-content\/uploads\/2019\/04\/UK-Company-Formation.jpg\" \/><br \/>\n#<br \/>\n<!-- \/epsilon\/about --><\/p>\n","protected":false},"excerpt":{"rendered":"<p>Votre Consultant en Affaires 39 Le Francais Au Service des Francais et des Francophones 30 100 center alignmiddle # ewf-btn&#8211;huge 32 # ewf-btn&#8211;huge 32 {\u00ab\u00a0top\u00a0\u00bb:\u00a0\u00bb5&Prime;,\u00a0\u00bbright\u00a0\u00bb:null,\u00a0\u00bbbottom\u00a0\u00bb:null,\u00a0\u00bbleft\u00a0\u00bb:null,\u00a0\u00bbunit\u00a0\u00bb:\u00a0\u00bbpx\u00a0\u00bb} {\u00ab\u00a0top\u00a0\u00bb:\u00a0\u00bb5&Prime;,\u00a0\u00bbright\u00a0\u00bb:null,\u00a0\u00bbbottom\u00a0\u00bb:null,\u00a0\u00bbleft\u00a0\u00bb:null,\u00a0\u00bbunit\u00a0\u00bb:\u00a0\u00bbpx\u00a0\u00bb} Le saviez vous? Protegez votre business , vos biens , vos enfants tout en reduisant vos produits taxables &#8230;Pensez y&#8230; En toute discr\u00e9tion, vous pouvez cr\u00e9er une soci\u00e9t\u00e9 anglaise [&hellip;]<\/p>\n","protected":false},"author":1,"featured_media":0,"parent":0,"menu_order":0,"comment_status":"closed","ping_status":"closed","template":"","meta":{"footnotes":""},"class_list":["post-230","page","type-page","status-publish","hentry"],"yoast_head":"<!-- This site is optimized with the Yoast SEO plugin v27.3 - https:\/\/yoast.com\/product\/yoast-seo-wordpress\/ -->\n<title>Societe Anglaise Ltd - Soci\u00e9t\u00e9 britannique et ouverture de compte bancaire<\/title>\n<meta name=\"description\" content=\"Soci\u00e9t\u00e9 britannique et ouverture de compte bancaireEntreprise britannique et ouverture de compte bancaire avec gestion des comptes et d\u00e9clarations fiscales\" \/>\n<meta name=\"robots\" content=\"index, follow, max-snippet:-1, max-image-preview:large, max-video-preview:-1\" \/>\n<link rel=\"canonical\" href=\"https:\/\/societeanglaise.com\/index.php\/le-saviez-vous\/\" \/>\n<meta property=\"og:locale\" content=\"fr_FR\" \/>\n<meta property=\"og:type\" content=\"article\" \/>\n<meta property=\"og:title\" content=\"Societe Anglaise Ltd - Soci\u00e9t\u00e9 britannique et ouverture de compte bancaire\" \/>\n<meta property=\"og:description\" content=\"Soci\u00e9t\u00e9 britannique et ouverture de compte bancaireEntreprise britannique et ouverture de compte bancaire avec gestion des comptes et d\u00e9clarations fiscales\" \/>\n<meta property=\"og:url\" content=\"https:\/\/societeanglaise.com\/index.php\/le-saviez-vous\/\" \/>\n<meta property=\"og:site_name\" content=\"Societe Anglaise Ltd\" \/>\n<meta property=\"article:modified_time\" content=\"2026-02-21T13:35:31+00:00\" \/>\n<meta property=\"og:image\" content=\"https:\/\/societeanglaise.com\/wp-content\/uploads\/2019\/04\/london2-1600x600.jpg\" \/>\n<meta name=\"twitter:card\" content=\"summary_large_image\" \/>\n<meta name=\"twitter:label1\" content=\"Dur\u00e9e de lecture estim\u00e9e\" \/>\n\t<meta name=\"twitter:data1\" content=\"2 minutes\" \/>\n<script type=\"application\/ld+json\" class=\"yoast-schema-graph\">{\"@context\":\"https:\\\/\\\/schema.org\",\"@graph\":[{\"@type\":\"WebPage\",\"@id\":\"https:\\\/\\\/societeanglaise.com\\\/index.php\\\/le-saviez-vous\\\/\",\"url\":\"https:\\\/\\\/societeanglaise.com\\\/index.php\\\/le-saviez-vous\\\/\",\"name\":\"Societe Anglaise Ltd - Soci\u00e9t\u00e9 britannique et ouverture de compte bancaire\",\"isPartOf\":{\"@id\":\"https:\\\/\\\/societeanglaise.com\\\/#website\"},\"primaryImageOfPage\":{\"@id\":\"https:\\\/\\\/societeanglaise.com\\\/index.php\\\/le-saviez-vous\\\/#primaryimage\"},\"image\":{\"@id\":\"https:\\\/\\\/societeanglaise.com\\\/index.php\\\/le-saviez-vous\\\/#primaryimage\"},\"thumbnailUrl\":\"https:\\\/\\\/societeanglaise.com\\\/wp-content\\\/uploads\\\/2019\\\/04\\\/london2-1600x600.jpg\",\"datePublished\":\"2019-04-22T07:23:35+00:00\",\"dateModified\":\"2026-02-21T13:35:31+00:00\",\"description\":\"Soci\u00e9t\u00e9 britannique et ouverture de compte bancaireEntreprise britannique et ouverture de compte bancaire avec gestion des comptes et d\u00e9clarations fiscales\",\"breadcrumb\":{\"@id\":\"https:\\\/\\\/societeanglaise.com\\\/index.php\\\/le-saviez-vous\\\/#breadcrumb\"},\"inLanguage\":\"fr-FR\",\"potentialAction\":[{\"@type\":\"ReadAction\",\"target\":[\"https:\\\/\\\/societeanglaise.com\\\/index.php\\\/le-saviez-vous\\\/\"]}]},{\"@type\":\"ImageObject\",\"inLanguage\":\"fr-FR\",\"@id\":\"https:\\\/\\\/societeanglaise.com\\\/index.php\\\/le-saviez-vous\\\/#primaryimage\",\"url\":\"https:\\\/\\\/societeanglaise.com\\\/wp-content\\\/uploads\\\/2019\\\/04\\\/london2.jpg\",\"contentUrl\":\"https:\\\/\\\/societeanglaise.com\\\/wp-content\\\/uploads\\\/2019\\\/04\\\/london2.jpg\",\"width\":1920,\"height\":1080},{\"@type\":\"BreadcrumbList\",\"@id\":\"https:\\\/\\\/societeanglaise.com\\\/index.php\\\/le-saviez-vous\\\/#breadcrumb\",\"itemListElement\":[{\"@type\":\"ListItem\",\"position\":1,\"name\":\"Home\",\"item\":\"https:\\\/\\\/societeanglaise.com\\\/\"},{\"@type\":\"ListItem\",\"position\":2,\"name\":\"Le saviez vous?\"}]},{\"@type\":\"WebSite\",\"@id\":\"https:\\\/\\\/societeanglaise.com\\\/#website\",\"url\":\"https:\\\/\\\/societeanglaise.com\\\/\",\"name\":\"Societe Anglaise Ltd\",\"description\":\"Votre Consultant en Affaires\",\"publisher\":{\"@id\":\"https:\\\/\\\/societeanglaise.com\\\/#organization\"},\"potentialAction\":[{\"@type\":\"SearchAction\",\"target\":{\"@type\":\"EntryPoint\",\"urlTemplate\":\"https:\\\/\\\/societeanglaise.com\\\/?s={search_term_string}\"},\"query-input\":{\"@type\":\"PropertyValueSpecification\",\"valueRequired\":true,\"valueName\":\"search_term_string\"}}],\"inLanguage\":\"fr-FR\"},{\"@type\":\"Organization\",\"@id\":\"https:\\\/\\\/societeanglaise.com\\\/#organization\",\"name\":\"Societe Anglaise Ltd\",\"url\":\"https:\\\/\\\/societeanglaise.com\\\/\",\"logo\":{\"@type\":\"ImageObject\",\"inLanguage\":\"fr-FR\",\"@id\":\"https:\\\/\\\/societeanglaise.com\\\/#\\\/schema\\\/logo\\\/image\\\/\",\"url\":\"https:\\\/\\\/societeanglaise.com\\\/wp-content\\\/uploads\\\/2019\\\/04\\\/logo.gif\",\"contentUrl\":\"https:\\\/\\\/societeanglaise.com\\\/wp-content\\\/uploads\\\/2019\\\/04\\\/logo.gif\",\"width\":150,\"height\":107,\"caption\":\"Societe Anglaise Ltd\"},\"image\":{\"@id\":\"https:\\\/\\\/societeanglaise.com\\\/#\\\/schema\\\/logo\\\/image\\\/\"}}]}<\/script>\n<!-- \/ Yoast SEO plugin. -->","yoast_head_json":{"title":"Societe Anglaise Ltd - Soci\u00e9t\u00e9 britannique et ouverture de compte bancaire","description":"Soci\u00e9t\u00e9 britannique et ouverture de compte bancaireEntreprise britannique et ouverture de compte bancaire avec gestion des comptes et d\u00e9clarations fiscales","robots":{"index":"index","follow":"follow","max-snippet":"max-snippet:-1","max-image-preview":"max-image-preview:large","max-video-preview":"max-video-preview:-1"},"canonical":"https:\/\/societeanglaise.com\/index.php\/le-saviez-vous\/","og_locale":"fr_FR","og_type":"article","og_title":"Societe Anglaise Ltd - Soci\u00e9t\u00e9 britannique et ouverture de compte bancaire","og_description":"Soci\u00e9t\u00e9 britannique et ouverture de compte bancaireEntreprise britannique et ouverture de compte bancaire avec gestion des comptes et d\u00e9clarations fiscales","og_url":"https:\/\/societeanglaise.com\/index.php\/le-saviez-vous\/","og_site_name":"Societe Anglaise Ltd","article_modified_time":"2026-02-21T13:35:31+00:00","og_image":[{"url":"https:\/\/societeanglaise.com\/wp-content\/uploads\/2019\/04\/london2-1600x600.jpg","type":"","width":"","height":""}],"twitter_card":"summary_large_image","twitter_misc":{"Dur\u00e9e de lecture estim\u00e9e":"2 minutes"},"schema":{"@context":"https:\/\/schema.org","@graph":[{"@type":"WebPage","@id":"https:\/\/societeanglaise.com\/index.php\/le-saviez-vous\/","url":"https:\/\/societeanglaise.com\/index.php\/le-saviez-vous\/","name":"Societe Anglaise Ltd - Soci\u00e9t\u00e9 britannique et ouverture de compte bancaire","isPartOf":{"@id":"https:\/\/societeanglaise.com\/#website"},"primaryImageOfPage":{"@id":"https:\/\/societeanglaise.com\/index.php\/le-saviez-vous\/#primaryimage"},"image":{"@id":"https:\/\/societeanglaise.com\/index.php\/le-saviez-vous\/#primaryimage"},"thumbnailUrl":"https:\/\/societeanglaise.com\/wp-content\/uploads\/2019\/04\/london2-1600x600.jpg","datePublished":"2019-04-22T07:23:35+00:00","dateModified":"2026-02-21T13:35:31+00:00","description":"Soci\u00e9t\u00e9 britannique et ouverture de compte bancaireEntreprise britannique et ouverture de compte bancaire avec gestion des comptes et d\u00e9clarations fiscales","breadcrumb":{"@id":"https:\/\/societeanglaise.com\/index.php\/le-saviez-vous\/#breadcrumb"},"inLanguage":"fr-FR","potentialAction":[{"@type":"ReadAction","target":["https:\/\/societeanglaise.com\/index.php\/le-saviez-vous\/"]}]},{"@type":"ImageObject","inLanguage":"fr-FR","@id":"https:\/\/societeanglaise.com\/index.php\/le-saviez-vous\/#primaryimage","url":"https:\/\/societeanglaise.com\/wp-content\/uploads\/2019\/04\/london2.jpg","contentUrl":"https:\/\/societeanglaise.com\/wp-content\/uploads\/2019\/04\/london2.jpg","width":1920,"height":1080},{"@type":"BreadcrumbList","@id":"https:\/\/societeanglaise.com\/index.php\/le-saviez-vous\/#breadcrumb","itemListElement":[{"@type":"ListItem","position":1,"name":"Home","item":"https:\/\/societeanglaise.com\/"},{"@type":"ListItem","position":2,"name":"Le saviez vous?"}]},{"@type":"WebSite","@id":"https:\/\/societeanglaise.com\/#website","url":"https:\/\/societeanglaise.com\/","name":"Societe Anglaise Ltd","description":"Votre Consultant en Affaires","publisher":{"@id":"https:\/\/societeanglaise.com\/#organization"},"potentialAction":[{"@type":"SearchAction","target":{"@type":"EntryPoint","urlTemplate":"https:\/\/societeanglaise.com\/?s={search_term_string}"},"query-input":{"@type":"PropertyValueSpecification","valueRequired":true,"valueName":"search_term_string"}}],"inLanguage":"fr-FR"},{"@type":"Organization","@id":"https:\/\/societeanglaise.com\/#organization","name":"Societe Anglaise Ltd","url":"https:\/\/societeanglaise.com\/","logo":{"@type":"ImageObject","inLanguage":"fr-FR","@id":"https:\/\/societeanglaise.com\/#\/schema\/logo\/image\/","url":"https:\/\/societeanglaise.com\/wp-content\/uploads\/2019\/04\/logo.gif","contentUrl":"https:\/\/societeanglaise.com\/wp-content\/uploads\/2019\/04\/logo.gif","width":150,"height":107,"caption":"Societe Anglaise Ltd"},"image":{"@id":"https:\/\/societeanglaise.com\/#\/schema\/logo\/image\/"}}]}},"_links":{"self":[{"href":"https:\/\/societeanglaise.com\/index.php\/wp-json\/wp\/v2\/pages\/230","targetHints":{"allow":["GET"]}}],"collection":[{"href":"https:\/\/societeanglaise.com\/index.php\/wp-json\/wp\/v2\/pages"}],"about":[{"href":"https:\/\/societeanglaise.com\/index.php\/wp-json\/wp\/v2\/types\/page"}],"author":[{"embeddable":true,"href":"https:\/\/societeanglaise.com\/index.php\/wp-json\/wp\/v2\/users\/1"}],"replies":[{"embeddable":true,"href":"https:\/\/societeanglaise.com\/index.php\/wp-json\/wp\/v2\/comments?post=230"}],"version-history":[{"count":4,"href":"https:\/\/societeanglaise.com\/index.php\/wp-json\/wp\/v2\/pages\/230\/revisions"}],"predecessor-version":[{"id":385,"href":"https:\/\/societeanglaise.com\/index.php\/wp-json\/wp\/v2\/pages\/230\/revisions\/385"}],"wp:attachment":[{"href":"https:\/\/societeanglaise.com\/index.php\/wp-json\/wp\/v2\/media?parent=230"}],"curies":[{"name":"wp","href":"https:\/\/api.w.org\/{rel}","templated":true}]}}