{"id":156,"date":"2019-04-21T04:39:13","date_gmt":"2019-04-21T04:39:13","guid":{"rendered":"http:\/\/localhost\/new_societe\/index.php\/compte-bancaire\/"},"modified":"2026-02-21T13:35:31","modified_gmt":"2026-02-21T13:35:31","slug":"compte-bancaire","status":"publish","type":"page","link":"https:\/\/societeanglaise.com\/index.php\/compte-bancaire\/","title":{"rendered":"Compte Bancaire"},"content":{"rendered":"<p><!-- epsilon\/advanced-slider --><br \/>\n<!-- epsilon\/Slides --><br \/>\nVotre Consultant en Affaires<br \/>\n39<br \/>\nLe Francais Au Service des Francais et des Francophones<br \/>\n30<br \/>\n100<br \/>\ncenter<br \/>\nalignmiddle<br \/>\n<img decoding=\"async\" src=\"https:\/\/societeanglaise.com\/wp-content\/uploads\/2019\/04\/london2-1600x600.jpg\" \/><br \/>\n#<br \/>\newf-btn&#8211;huge<br \/>\n32<br \/>\n#<br \/>\newf-btn&#8211;huge<br \/>\n32<br \/>\n<!-- \/epsilon\/Slides--><br \/>\n<!-- \/epsilon\/advanced-slider --><\/p>\n<p><!-- epsilon\/about --><br \/>\n{\u00ab\u00a0top\u00a0\u00bb:\u00a0\u00bb5&Prime;,\u00a0\u00bbright\u00a0\u00bb:null,\u00a0\u00bbbottom\u00a0\u00bb:\u00a0\u00bb0&Prime;,\u00a0\u00bbleft\u00a0\u00bb:null,\u00a0\u00bbunit\u00a0\u00bb:\u00a0\u00bbpx\u00a0\u00bb}<br \/>\n{\u00ab\u00a0top\u00a0\u00bb:\u00a0\u00bb0&Prime;,\u00a0\u00bbright\u00a0\u00bb:\u00a0\u00bb0&Prime;,\u00a0\u00bbbottom\u00a0\u00bb:\u00a0\u00bb0&Prime;,\u00a0\u00bbleft\u00a0\u00bb:\u00a0\u00bb0&Prime;,\u00a0\u00bbunit\u00a0\u00bb:\u00a0\u00bbpx\u00a0\u00bb}<br \/>\nCompte Bancaire<br \/>\nSi non resident ,  compte bancaire online facile a ouvrir<br \/>\nATTENTION: Depuis l&rsquo;attentat de septembre 2001, nous n&rsquo;ouvrons plus aucun compte par correspondance sur Londres.Obligation depuis le Brexit d etre resident en UK pour l ouverture d un compte bancaire . Votre pr\u00e9sence physique est obligatoire \u00e0 l&rsquo;ouverture du compte bancaire. Bien entendu, nous vous accompagnons lors de ce rendez vous.<br \/>\nCependant beaucoup d entre vous n etant pas resident , ll ouverture d un compte bancaire \u00a0\u00bb on line \u00a0\u00bb reste tres simple pour une Ltd.<br \/>\nINFORMATIONS: PRIS AU PIEGE ?<br \/>\nLes solutions de cr\u00e9dit sont des interm\u00e9diaires professionels aux banques principales et des institutions financi\u00e8res dans le monde. Nous savons juste comment il peut \u00e8tre irritant d \u00e8tre pris au piege par des probl\u00e8mes de cr\u00e9dits pass\u00e9s ou pr\u00e9sents.<br \/>\nNE VOUS INQUIETEZ PLUS ET VOYEZ COMMENT www.societeanglaise.com EST CAPABLE DE VOUS AIDER A RETABLIR VOTRE REPUTATION DE SOLVABILITE.<br \/>\nNous sommes fiers de nous pour notre capacit\u00e9 d&rsquo;offrir aux clients de toutes conditions sociales des soci\u00e9t\u00e9s, des comptes bancaires au ROYAUME-UNI et \u00e0 l&rsquo;\u00e9tranger avec des cartes de cr\u00e9dit, etc, m\u00eame si vous \u00eates en faillite, en interdiction bancaire&#8230;<br \/>\nNous promettons de traiter votre dossier avec respect, courtoisie, ce dans la plus grande discretion.<br \/>\nSouvenez vous, VOUS N&rsquo;ETES PLUS SEULS, au cours de ces derni\u00e8res ann\u00e9es, ce service a aid\u00e9 beaucoup de personnes \u00e0 mettre leurs pass\u00e9s derri\u00e8re eux pour un avenir plus brillant.<\/p>\n<p><img decoding=\"async\" src=\"https:\/\/societeanglaise.com\/wp-content\/uploads\/2019\/04\/uk-banks.jpg\" \/><br \/>\n<!-- \/epsilon\/about --><\/p>\n<p><!-- epsilon\/about --><br \/>\n{\u00ab\u00a0top\u00a0\u00bb:\u00a0\u00bb\u00a0\u00bb,\u00a0\u00bbright\u00a0\u00bb:null,\u00a0\u00bbbottom\u00a0\u00bb:\u00a0\u00bb\u00a0\u00bb,\u00a0\u00bbleft\u00a0\u00bb:null,\u00a0\u00bbunit\u00a0\u00bb:\u00a0\u00bbpx\u00a0\u00bb}<br \/>\n{\u00ab\u00a0top\u00a0\u00bb:\u00a0\u00bb0&Prime;,\u00a0\u00bbright\u00a0\u00bb:\u00a0\u00bb0&Prime;,\u00a0\u00bbbottom\u00a0\u00bb:\u00a0\u00bb0&Prime;,\u00a0\u00bbleft\u00a0\u00bb:\u00a0\u00bb0&Prime;,\u00a0\u00bbunit\u00a0\u00bb:\u00a0\u00bbpx\u00a0\u00bb}<br \/>\nFiche 7   uniquement si resident Anglais<br \/>\nDocuments \u00e0 produire au banquier pour l&rsquo;ouverture de la relation bancaire<br \/>\nToutes les banques ont les m\u00eames exigences<br \/>\nChaque personne demandant \u00e0 disposer de la signature sur le ou les compte(s) doit produire les \u00e9l\u00e9ments suivants :<br \/>\n1- Preuve d&rsquo;identit\u00e9 (Carte d&rsquo;Identit\u00e9 ou Passeport en cours de validit\u00e9, en original)<br \/>\n2- Preuve d&rsquo;adresse (facture d&rsquo;\u00e9lectricit\u00e9, d&rsquo;eau, de t\u00e9l\u00e9phone fixe, en original)<br \/>\n3- Justificatif bancaire (1 relev\u00e9 de compte de moins de trois mois \u2013 la banque, la nature du compte et la nature des op\u00e9rations y figurant importent peu \u2013 Le relev\u00e9 doit imp\u00e9rativement \u00eatre personnel \u2013 pas de compte professionnel \u2013 doit mentionner vos nom et adresse et doit \u00eatre en original.<\/p>\n<p><img decoding=\"async\" src=\"https:\/\/societeanglaise.com\/wp-content\/uploads\/2019\/04\/french-passport.jpg\" \/><br \/>\n<!-- \/epsilon\/about --><\/p>\n<p><!-- epsilon\/about --><br \/>\n{\u00ab\u00a0top\u00a0\u00bb:\u00a0\u00bb\u00a0\u00bb,\u00a0\u00bbright\u00a0\u00bb:null,\u00a0\u00bbbottom\u00a0\u00bb:null,\u00a0\u00bbleft\u00a0\u00bb:null,\u00a0\u00bbunit\u00a0\u00bb:\u00a0\u00bbpx\u00a0\u00bb}<br \/>\n{\u00ab\u00a0top\u00a0\u00bb:\u00a0\u00bb0&Prime;,\u00a0\u00bbright\u00a0\u00bb:\u00a0\u00bb0&Prime;,\u00a0\u00bbbottom\u00a0\u00bb:\u00a0\u00bb0&Prime;,\u00a0\u00bbleft\u00a0\u00bb:\u00a0\u00bb0&Prime;,\u00a0\u00bbunit\u00a0\u00bb:\u00a0\u00bbpx\u00a0\u00bb}<br \/>\nFiche 7bis  uniquement si Resident Anglais<br \/>\n\u00e9l\u00e9ments \u00e0 fournir au banquier pour l&rsquo;ouverture d&rsquo;un compte commercial<br \/>\n1- Chiffre d&rsquo;affaires envisag\u00e9 pour l&rsquo;activit\u00e9 objet de l&rsquo;ouverture de compte<br \/>\n2- Charges envisag\u00e9es<br \/>\n3- Capital inject\u00e9 dans cette nouvelle activit\u00e9<br \/>\n4- Nature de l&rsquo;activit\u00e9<br \/>\n5- Anciennet\u00e9 dans l&rsquo;activit\u00e9<br \/>\n6- Montant de vos revenus de l&rsquo;ann\u00e9e N-1<br \/>\n7- Anciennet\u00e9 dans votre banque<br \/>\n8- Etes-vous propri\u00e9taire ou locataire du logement que vous habitez ?<br \/>\n9- Depuis combien de temps habitez-vous \u00e0 cette adresse ?<br \/>\n10- Quel est le montant de vos charges mensuelles (tout compris) ?<br \/>\n11- R\u00e9fl\u00e9chir \u00e0 un code \u00e0 6 chiffres (code de s\u00e9curit\u00e9)<br \/>\n12- Adresse email, num\u00e9ro de t\u00e9l\u00e9phone, num\u00e9ro de fax<\/p>\n<p><img decoding=\"async\" src=\"https:\/\/societeanglaise.com\/wp-content\/uploads\/2019\/04\/top-view-businessman-signing-documents_1098-3387.jpg\" \/><br \/>\n<!-- \/epsilon\/about --><\/p>\n","protected":false},"excerpt":{"rendered":"<p>Votre Consultant en Affaires 39 Le Francais Au Service des Francais et des Francophones 30 100 center alignmiddle # ewf-btn&#8211;huge 32 # ewf-btn&#8211;huge 32 {\u00ab\u00a0top\u00a0\u00bb:\u00a0\u00bb5&Prime;,\u00a0\u00bbright\u00a0\u00bb:null,\u00a0\u00bbbottom\u00a0\u00bb:\u00a0\u00bb0&Prime;,\u00a0\u00bbleft\u00a0\u00bb:null,\u00a0\u00bbunit\u00a0\u00bb:\u00a0\u00bbpx\u00a0\u00bb} {\u00ab\u00a0top\u00a0\u00bb:\u00a0\u00bb0&Prime;,\u00a0\u00bbright\u00a0\u00bb:\u00a0\u00bb0&Prime;,\u00a0\u00bbbottom\u00a0\u00bb:\u00a0\u00bb0&Prime;,\u00a0\u00bbleft\u00a0\u00bb:\u00a0\u00bb0&Prime;,\u00a0\u00bbunit\u00a0\u00bb:\u00a0\u00bbpx\u00a0\u00bb} Compte Bancaire Si non resident , compte bancaire online facile a ouvrir ATTENTION: Depuis l&rsquo;attentat de septembre 2001, nous n&rsquo;ouvrons plus aucun compte par correspondance sur Londres.Obligation depuis le [&hellip;]<\/p>\n","protected":false},"author":1,"featured_media":0,"parent":0,"menu_order":0,"comment_status":"closed","ping_status":"closed","template":"","meta":{"footnotes":""},"class_list":["post-156","page","type-page","status-publish","hentry"],"yoast_head":"<!-- This site is optimized with the Yoast SEO plugin v27.3 - https:\/\/yoast.com\/product\/yoast-seo-wordpress\/ -->\n<title>Societe Anglaise Ltd - Soci\u00e9t\u00e9 britannique et ouverture de compte bancaire<\/title>\n<meta name=\"description\" content=\"Soci\u00e9t\u00e9 britannique et ouverture de compte bancaireEntreprise britannique et ouverture de compte bancaire avec gestion des comptes et d\u00e9clarations fiscales\" \/>\n<meta name=\"robots\" content=\"index, follow, max-snippet:-1, max-image-preview:large, max-video-preview:-1\" \/>\n<link rel=\"canonical\" href=\"https:\/\/societeanglaise.com\/index.php\/compte-bancaire\/\" \/>\n<meta property=\"og:locale\" content=\"fr_FR\" \/>\n<meta property=\"og:type\" content=\"article\" \/>\n<meta property=\"og:title\" content=\"Societe Anglaise Ltd - Soci\u00e9t\u00e9 britannique et ouverture de compte bancaire\" \/>\n<meta property=\"og:description\" content=\"Soci\u00e9t\u00e9 britannique et ouverture de compte bancaireEntreprise britannique et ouverture de compte bancaire avec gestion des comptes et d\u00e9clarations fiscales\" \/>\n<meta property=\"og:url\" content=\"https:\/\/societeanglaise.com\/index.php\/compte-bancaire\/\" \/>\n<meta property=\"og:site_name\" content=\"Societe Anglaise Ltd\" \/>\n<meta property=\"article:modified_time\" content=\"2026-02-21T13:35:31+00:00\" \/>\n<meta property=\"og:image\" content=\"https:\/\/societeanglaise.com\/wp-content\/uploads\/2019\/04\/london2-1600x600.jpg\" \/>\n<meta name=\"twitter:card\" content=\"summary_large_image\" \/>\n<script type=\"application\/ld+json\" class=\"yoast-schema-graph\">{\"@context\":\"https:\\\/\\\/schema.org\",\"@graph\":[{\"@type\":\"WebPage\",\"@id\":\"https:\\\/\\\/societeanglaise.com\\\/index.php\\\/compte-bancaire\\\/\",\"url\":\"https:\\\/\\\/societeanglaise.com\\\/index.php\\\/compte-bancaire\\\/\",\"name\":\"Societe Anglaise Ltd - Soci\u00e9t\u00e9 britannique et ouverture de compte bancaire\",\"isPartOf\":{\"@id\":\"https:\\\/\\\/societeanglaise.com\\\/#website\"},\"primaryImageOfPage\":{\"@id\":\"https:\\\/\\\/societeanglaise.com\\\/index.php\\\/compte-bancaire\\\/#primaryimage\"},\"image\":{\"@id\":\"https:\\\/\\\/societeanglaise.com\\\/index.php\\\/compte-bancaire\\\/#primaryimage\"},\"thumbnailUrl\":\"https:\\\/\\\/societeanglaise.com\\\/wp-content\\\/uploads\\\/2019\\\/04\\\/london2-1600x600.jpg\",\"datePublished\":\"2019-04-21T04:39:13+00:00\",\"dateModified\":\"2026-02-21T13:35:31+00:00\",\"description\":\"Soci\u00e9t\u00e9 britannique et ouverture de compte bancaireEntreprise britannique et ouverture de compte bancaire avec gestion des comptes et d\u00e9clarations fiscales\",\"breadcrumb\":{\"@id\":\"https:\\\/\\\/societeanglaise.com\\\/index.php\\\/compte-bancaire\\\/#breadcrumb\"},\"inLanguage\":\"fr-FR\",\"potentialAction\":[{\"@type\":\"ReadAction\",\"target\":[\"https:\\\/\\\/societeanglaise.com\\\/index.php\\\/compte-bancaire\\\/\"]}]},{\"@type\":\"ImageObject\",\"inLanguage\":\"fr-FR\",\"@id\":\"https:\\\/\\\/societeanglaise.com\\\/index.php\\\/compte-bancaire\\\/#primaryimage\",\"url\":\"https:\\\/\\\/societeanglaise.com\\\/wp-content\\\/uploads\\\/2019\\\/04\\\/london2.jpg\",\"contentUrl\":\"https:\\\/\\\/societeanglaise.com\\\/wp-content\\\/uploads\\\/2019\\\/04\\\/london2.jpg\",\"width\":1920,\"height\":1080},{\"@type\":\"BreadcrumbList\",\"@id\":\"https:\\\/\\\/societeanglaise.com\\\/index.php\\\/compte-bancaire\\\/#breadcrumb\",\"itemListElement\":[{\"@type\":\"ListItem\",\"position\":1,\"name\":\"Home\",\"item\":\"https:\\\/\\\/societeanglaise.com\\\/\"},{\"@type\":\"ListItem\",\"position\":2,\"name\":\"Compte Bancaire\"}]},{\"@type\":\"WebSite\",\"@id\":\"https:\\\/\\\/societeanglaise.com\\\/#website\",\"url\":\"https:\\\/\\\/societeanglaise.com\\\/\",\"name\":\"Societe Anglaise Ltd\",\"description\":\"Votre Consultant en Affaires\",\"publisher\":{\"@id\":\"https:\\\/\\\/societeanglaise.com\\\/#organization\"},\"potentialAction\":[{\"@type\":\"SearchAction\",\"target\":{\"@type\":\"EntryPoint\",\"urlTemplate\":\"https:\\\/\\\/societeanglaise.com\\\/?s={search_term_string}\"},\"query-input\":{\"@type\":\"PropertyValueSpecification\",\"valueRequired\":true,\"valueName\":\"search_term_string\"}}],\"inLanguage\":\"fr-FR\"},{\"@type\":\"Organization\",\"@id\":\"https:\\\/\\\/societeanglaise.com\\\/#organization\",\"name\":\"Societe Anglaise Ltd\",\"url\":\"https:\\\/\\\/societeanglaise.com\\\/\",\"logo\":{\"@type\":\"ImageObject\",\"inLanguage\":\"fr-FR\",\"@id\":\"https:\\\/\\\/societeanglaise.com\\\/#\\\/schema\\\/logo\\\/image\\\/\",\"url\":\"https:\\\/\\\/societeanglaise.com\\\/wp-content\\\/uploads\\\/2019\\\/04\\\/logo.gif\",\"contentUrl\":\"https:\\\/\\\/societeanglaise.com\\\/wp-content\\\/uploads\\\/2019\\\/04\\\/logo.gif\",\"width\":150,\"height\":107,\"caption\":\"Societe Anglaise Ltd\"},\"image\":{\"@id\":\"https:\\\/\\\/societeanglaise.com\\\/#\\\/schema\\\/logo\\\/image\\\/\"}}]}<\/script>\n<!-- \/ Yoast SEO plugin. -->","yoast_head_json":{"title":"Societe Anglaise Ltd - Soci\u00e9t\u00e9 britannique et ouverture de compte bancaire","description":"Soci\u00e9t\u00e9 britannique et ouverture de compte bancaireEntreprise britannique et ouverture de compte bancaire avec gestion des comptes et d\u00e9clarations fiscales","robots":{"index":"index","follow":"follow","max-snippet":"max-snippet:-1","max-image-preview":"max-image-preview:large","max-video-preview":"max-video-preview:-1"},"canonical":"https:\/\/societeanglaise.com\/index.php\/compte-bancaire\/","og_locale":"fr_FR","og_type":"article","og_title":"Societe Anglaise Ltd - Soci\u00e9t\u00e9 britannique et ouverture de compte bancaire","og_description":"Soci\u00e9t\u00e9 britannique et ouverture de compte bancaireEntreprise britannique et ouverture de compte bancaire avec gestion des comptes et d\u00e9clarations fiscales","og_url":"https:\/\/societeanglaise.com\/index.php\/compte-bancaire\/","og_site_name":"Societe Anglaise Ltd","article_modified_time":"2026-02-21T13:35:31+00:00","og_image":[{"url":"https:\/\/societeanglaise.com\/wp-content\/uploads\/2019\/04\/london2-1600x600.jpg","type":"","width":"","height":""}],"twitter_card":"summary_large_image","schema":{"@context":"https:\/\/schema.org","@graph":[{"@type":"WebPage","@id":"https:\/\/societeanglaise.com\/index.php\/compte-bancaire\/","url":"https:\/\/societeanglaise.com\/index.php\/compte-bancaire\/","name":"Societe Anglaise Ltd - Soci\u00e9t\u00e9 britannique et ouverture de compte bancaire","isPartOf":{"@id":"https:\/\/societeanglaise.com\/#website"},"primaryImageOfPage":{"@id":"https:\/\/societeanglaise.com\/index.php\/compte-bancaire\/#primaryimage"},"image":{"@id":"https:\/\/societeanglaise.com\/index.php\/compte-bancaire\/#primaryimage"},"thumbnailUrl":"https:\/\/societeanglaise.com\/wp-content\/uploads\/2019\/04\/london2-1600x600.jpg","datePublished":"2019-04-21T04:39:13+00:00","dateModified":"2026-02-21T13:35:31+00:00","description":"Soci\u00e9t\u00e9 britannique et ouverture de compte bancaireEntreprise britannique et ouverture de compte bancaire avec gestion des comptes et d\u00e9clarations fiscales","breadcrumb":{"@id":"https:\/\/societeanglaise.com\/index.php\/compte-bancaire\/#breadcrumb"},"inLanguage":"fr-FR","potentialAction":[{"@type":"ReadAction","target":["https:\/\/societeanglaise.com\/index.php\/compte-bancaire\/"]}]},{"@type":"ImageObject","inLanguage":"fr-FR","@id":"https:\/\/societeanglaise.com\/index.php\/compte-bancaire\/#primaryimage","url":"https:\/\/societeanglaise.com\/wp-content\/uploads\/2019\/04\/london2.jpg","contentUrl":"https:\/\/societeanglaise.com\/wp-content\/uploads\/2019\/04\/london2.jpg","width":1920,"height":1080},{"@type":"BreadcrumbList","@id":"https:\/\/societeanglaise.com\/index.php\/compte-bancaire\/#breadcrumb","itemListElement":[{"@type":"ListItem","position":1,"name":"Home","item":"https:\/\/societeanglaise.com\/"},{"@type":"ListItem","position":2,"name":"Compte Bancaire"}]},{"@type":"WebSite","@id":"https:\/\/societeanglaise.com\/#website","url":"https:\/\/societeanglaise.com\/","name":"Societe Anglaise Ltd","description":"Votre Consultant en Affaires","publisher":{"@id":"https:\/\/societeanglaise.com\/#organization"},"potentialAction":[{"@type":"SearchAction","target":{"@type":"EntryPoint","urlTemplate":"https:\/\/societeanglaise.com\/?s={search_term_string}"},"query-input":{"@type":"PropertyValueSpecification","valueRequired":true,"valueName":"search_term_string"}}],"inLanguage":"fr-FR"},{"@type":"Organization","@id":"https:\/\/societeanglaise.com\/#organization","name":"Societe Anglaise Ltd","url":"https:\/\/societeanglaise.com\/","logo":{"@type":"ImageObject","inLanguage":"fr-FR","@id":"https:\/\/societeanglaise.com\/#\/schema\/logo\/image\/","url":"https:\/\/societeanglaise.com\/wp-content\/uploads\/2019\/04\/logo.gif","contentUrl":"https:\/\/societeanglaise.com\/wp-content\/uploads\/2019\/04\/logo.gif","width":150,"height":107,"caption":"Societe Anglaise Ltd"},"image":{"@id":"https:\/\/societeanglaise.com\/#\/schema\/logo\/image\/"}}]}},"_links":{"self":[{"href":"https:\/\/societeanglaise.com\/index.php\/wp-json\/wp\/v2\/pages\/156","targetHints":{"allow":["GET"]}}],"collection":[{"href":"https:\/\/societeanglaise.com\/index.php\/wp-json\/wp\/v2\/pages"}],"about":[{"href":"https:\/\/societeanglaise.com\/index.php\/wp-json\/wp\/v2\/types\/page"}],"author":[{"embeddable":true,"href":"https:\/\/societeanglaise.com\/index.php\/wp-json\/wp\/v2\/users\/1"}],"replies":[{"embeddable":true,"href":"https:\/\/societeanglaise.com\/index.php\/wp-json\/wp\/v2\/comments?post=156"}],"version-history":[{"count":18,"href":"https:\/\/societeanglaise.com\/index.php\/wp-json\/wp\/v2\/pages\/156\/revisions"}],"predecessor-version":[{"id":391,"href":"https:\/\/societeanglaise.com\/index.php\/wp-json\/wp\/v2\/pages\/156\/revisions\/391"}],"wp:attachment":[{"href":"https:\/\/societeanglaise.com\/index.php\/wp-json\/wp\/v2\/media?parent=156"}],"curies":[{"name":"wp","href":"https:\/\/api.w.org\/{rel}","templated":true}]}}